{"id":12848,"date":"2021-04-29T12:40:02","date_gmt":"2021-04-29T10:40:02","guid":{"rendered":"https:\/\/luciayoga.com\/terminos-y-condiciones-y-politica-de-privacidad-proteccion-de-datos-personales\/"},"modified":"2026-01-16T10:27:23","modified_gmt":"2026-01-16T09:27:23","slug":"terminos-y-condiciones-y-politica-de-privacidad-proteccion-de-datos-personales","status":"publish","type":"page","link":"https:\/\/www.luciayoga.com\/es\/terminos-y-condiciones-y-politica-de-privacidad-proteccion-de-datos-personales\/","title":{"rendered":"T\u00e9rminos y condiciones y pol\u00edtica de privacidad Protecci\u00f3n de datos personales"},"content":{"rendered":"","protected":false},"excerpt":{"rendered":"","protected":false},"author":2,"featured_media":12849,"parent":0,"menu_order":0,"comment_status":"closed","ping_status":"closed","template":"","meta":{"_acf_changed":false,"_joinchat":[],"footnotes":""},"class_list":["post-12848","page","type-page","status-publish","has-post-thumbnail","hentry"],"acf":[],"yoast_head":"<!-- This site is optimized with the Yoast SEO plugin v27.5 - https:\/\/yoast.com\/product\/yoast-seo-wordpress\/ -->\n<title>T\u00e9rminos y condiciones y pol\u00edtica de privacidad Protecci\u00f3n de datos personales - Lucia Yoga<\/title>\n<meta name=\"description\" content=\"Lea atentamente los t\u00e9rminos y condiciones entre usted y Lucia Yoga para todas las reservas.\" \/>\n<meta name=\"robots\" content=\"index, follow, max-snippet:-1, max-image-preview:large, max-video-preview:-1\" \/>\n<link rel=\"canonical\" href=\"https:\/\/www.luciayoga.com\/es\/terminos-y-condiciones-y-politica-de-privacidad-proteccion-de-datos-personales\/\" \/>\n<meta property=\"og:locale\" content=\"es_ES\" \/>\n<meta property=\"og:type\" content=\"article\" \/>\n<meta property=\"og:title\" content=\"T\u00e9rminos y condiciones y pol\u00edtica de privacidad Protecci\u00f3n de datos personales - Lucia Yoga\" \/>\n<meta property=\"og:description\" content=\"Lea atentamente los t\u00e9rminos y condiciones entre usted y Lucia Yoga para todas las reservas.\" \/>\n<meta property=\"og:url\" content=\"https:\/\/www.luciayoga.com\/es\/terminos-y-condiciones-y-politica-de-privacidad-proteccion-de-datos-personales\/\" \/>\n<meta property=\"og:site_name\" content=\"Lucia Yoga\" \/>\n<meta property=\"article:publisher\" content=\"https:\/\/www.facebook.com\/LuciaYogacom\/\" \/>\n<meta property=\"article:modified_time\" content=\"2026-01-16T09:27:23+00:00\" \/>\n<meta property=\"og:image\" content=\"https:\/\/www.luciayoga.com\/wp-content\/uploads\/2020\/10\/DSC05017.jpg\" \/>\n\t<meta property=\"og:image:width\" content=\"1470\" \/>\n\t<meta property=\"og:image:height\" content=\"900\" \/>\n\t<meta property=\"og:image:type\" content=\"image\/jpeg\" \/>\n<meta name=\"twitter:card\" content=\"summary_large_image\" \/>\n<meta name=\"twitter:label1\" content=\"Tiempo de lectura\" \/>\n\t<meta name=\"twitter:data1\" content=\"1 minuto\" \/>\n<script type=\"application\/ld+json\" class=\"yoast-schema-graph\">{\"@context\":\"https:\\\/\\\/schema.org\",\"@graph\":[{\"@type\":\"WebPage\",\"@id\":\"https:\\\/\\\/www.luciayoga.com\\\/es\\\/terminos-y-condiciones-y-politica-de-privacidad-proteccion-de-datos-personales\\\/\",\"url\":\"https:\\\/\\\/www.luciayoga.com\\\/es\\\/terminos-y-condiciones-y-politica-de-privacidad-proteccion-de-datos-personales\\\/\",\"name\":\"T\u00e9rminos y condiciones y pol\u00edtica de privacidad Protecci\u00f3n de datos personales - Lucia Yoga\",\"isPartOf\":{\"@id\":\"https:\\\/\\\/www.luciayoga.com\\\/es\\\/#website\"},\"primaryImageOfPage\":{\"@id\":\"https:\\\/\\\/www.luciayoga.com\\\/es\\\/terminos-y-condiciones-y-politica-de-privacidad-proteccion-de-datos-personales\\\/#primaryimage\"},\"image\":{\"@id\":\"https:\\\/\\\/www.luciayoga.com\\\/es\\\/terminos-y-condiciones-y-politica-de-privacidad-proteccion-de-datos-personales\\\/#primaryimage\"},\"thumbnailUrl\":\"https:\\\/\\\/www.luciayoga.com\\\/wp-content\\\/uploads\\\/2020\\\/10\\\/DSC05017.jpg\",\"datePublished\":\"2021-04-29T10:40:02+00:00\",\"dateModified\":\"2026-01-16T09:27:23+00:00\",\"description\":\"Lea atentamente los t\u00e9rminos y condiciones entre usted y Lucia Yoga para todas las reservas.\",\"breadcrumb\":{\"@id\":\"https:\\\/\\\/www.luciayoga.com\\\/es\\\/terminos-y-condiciones-y-politica-de-privacidad-proteccion-de-datos-personales\\\/#breadcrumb\"},\"inLanguage\":\"es\",\"potentialAction\":[{\"@type\":\"ReadAction\",\"target\":[\"https:\\\/\\\/www.luciayoga.com\\\/es\\\/terminos-y-condiciones-y-politica-de-privacidad-proteccion-de-datos-personales\\\/\"]}]},{\"@type\":\"ImageObject\",\"inLanguage\":\"es\",\"@id\":\"https:\\\/\\\/www.luciayoga.com\\\/es\\\/terminos-y-condiciones-y-politica-de-privacidad-proteccion-de-datos-personales\\\/#primaryimage\",\"url\":\"https:\\\/\\\/www.luciayoga.com\\\/wp-content\\\/uploads\\\/2020\\\/10\\\/DSC05017.jpg\",\"contentUrl\":\"https:\\\/\\\/www.luciayoga.com\\\/wp-content\\\/uploads\\\/2020\\\/10\\\/DSC05017.jpg\",\"width\":1470,\"height\":900},{\"@type\":\"BreadcrumbList\",\"@id\":\"https:\\\/\\\/www.luciayoga.com\\\/es\\\/terminos-y-condiciones-y-politica-de-privacidad-proteccion-de-datos-personales\\\/#breadcrumb\",\"itemListElement\":[{\"@type\":\"ListItem\",\"position\":1,\"name\":\"Home\",\"item\":\"https:\\\/\\\/www.luciayoga.com\\\/es\\\/\"},{\"@type\":\"ListItem\",\"position\":2,\"name\":\"T\u00e9rminos y condiciones y pol\u00edtica de privacidad Protecci\u00f3n de datos personales\"}]},{\"@type\":\"WebSite\",\"@id\":\"https:\\\/\\\/www.luciayoga.com\\\/es\\\/#website\",\"url\":\"https:\\\/\\\/www.luciayoga.com\\\/es\\\/\",\"name\":\"Lucia Yoga\",\"description\":\"Yoga Retreats in Spain\",\"publisher\":{\"@id\":\"https:\\\/\\\/www.luciayoga.com\\\/es\\\/#organization\"},\"potentialAction\":[{\"@type\":\"SearchAction\",\"target\":{\"@type\":\"EntryPoint\",\"urlTemplate\":\"https:\\\/\\\/www.luciayoga.com\\\/es\\\/?s={search_term_string}\"},\"query-input\":{\"@type\":\"PropertyValueSpecification\",\"valueRequired\":true,\"valueName\":\"search_term_string\"}}],\"inLanguage\":\"es\"},{\"@type\":\"Organization\",\"@id\":\"https:\\\/\\\/www.luciayoga.com\\\/es\\\/#organization\",\"name\":\"Lucia Yoga\",\"url\":\"https:\\\/\\\/www.luciayoga.com\\\/es\\\/\",\"logo\":{\"@type\":\"ImageObject\",\"inLanguage\":\"es\",\"@id\":\"https:\\\/\\\/www.luciayoga.com\\\/es\\\/#\\\/schema\\\/logo\\\/image\\\/\",\"url\":\"https:\\\/\\\/www.luciayoga.com\\\/wp-content\\\/uploads\\\/2020\\\/11\\\/LOGO_Mesa-de-trabajo-1-copia-2@3x.png\",\"contentUrl\":\"https:\\\/\\\/www.luciayoga.com\\\/wp-content\\\/uploads\\\/2020\\\/11\\\/LOGO_Mesa-de-trabajo-1-copia-2@3x.png\",\"width\":636,\"height\":560,\"caption\":\"Lucia Yoga\"},\"image\":{\"@id\":\"https:\\\/\\\/www.luciayoga.com\\\/es\\\/#\\\/schema\\\/logo\\\/image\\\/\"},\"sameAs\":[\"https:\\\/\\\/www.facebook.com\\\/LuciaYogacom\\\/\",\"https:\\\/\\\/instagram.com\\\/luciayogacom\",\"https:\\\/\\\/www.youtube.com\\\/channel\\\/UCI1LJdr-9FblyTr-jf_KSNQ\"]}]}<\/script>\n<!-- \/ Yoast SEO plugin. -->","yoast_head_json":{"title":"T\u00e9rminos y condiciones y pol\u00edtica de privacidad Protecci\u00f3n de datos personales - Lucia Yoga","description":"Lea atentamente los t\u00e9rminos y condiciones entre usted y Lucia Yoga para todas las reservas.","robots":{"index":"index","follow":"follow","max-snippet":"max-snippet:-1","max-image-preview":"max-image-preview:large","max-video-preview":"max-video-preview:-1"},"canonical":"https:\/\/www.luciayoga.com\/es\/terminos-y-condiciones-y-politica-de-privacidad-proteccion-de-datos-personales\/","og_locale":"es_ES","og_type":"article","og_title":"T\u00e9rminos y condiciones y pol\u00edtica de privacidad Protecci\u00f3n de datos personales - Lucia Yoga","og_description":"Lea atentamente los t\u00e9rminos y condiciones entre usted y Lucia Yoga para todas las reservas.","og_url":"https:\/\/www.luciayoga.com\/es\/terminos-y-condiciones-y-politica-de-privacidad-proteccion-de-datos-personales\/","og_site_name":"Lucia Yoga","article_publisher":"https:\/\/www.facebook.com\/LuciaYogacom\/","article_modified_time":"2026-01-16T09:27:23+00:00","og_image":[{"width":1470,"height":900,"url":"https:\/\/www.luciayoga.com\/wp-content\/uploads\/2020\/10\/DSC05017.jpg","type":"image\/jpeg"}],"twitter_card":"summary_large_image","twitter_misc":{"Tiempo de lectura":"1 minuto"},"schema":{"@context":"https:\/\/schema.org","@graph":[{"@type":"WebPage","@id":"https:\/\/www.luciayoga.com\/es\/terminos-y-condiciones-y-politica-de-privacidad-proteccion-de-datos-personales\/","url":"https:\/\/www.luciayoga.com\/es\/terminos-y-condiciones-y-politica-de-privacidad-proteccion-de-datos-personales\/","name":"T\u00e9rminos y condiciones y pol\u00edtica de privacidad Protecci\u00f3n de datos personales - Lucia Yoga","isPartOf":{"@id":"https:\/\/www.luciayoga.com\/es\/#website"},"primaryImageOfPage":{"@id":"https:\/\/www.luciayoga.com\/es\/terminos-y-condiciones-y-politica-de-privacidad-proteccion-de-datos-personales\/#primaryimage"},"image":{"@id":"https:\/\/www.luciayoga.com\/es\/terminos-y-condiciones-y-politica-de-privacidad-proteccion-de-datos-personales\/#primaryimage"},"thumbnailUrl":"https:\/\/www.luciayoga.com\/wp-content\/uploads\/2020\/10\/DSC05017.jpg","datePublished":"2021-04-29T10:40:02+00:00","dateModified":"2026-01-16T09:27:23+00:00","description":"Lea atentamente los t\u00e9rminos y condiciones entre usted y Lucia Yoga para todas las reservas.","breadcrumb":{"@id":"https:\/\/www.luciayoga.com\/es\/terminos-y-condiciones-y-politica-de-privacidad-proteccion-de-datos-personales\/#breadcrumb"},"inLanguage":"es","potentialAction":[{"@type":"ReadAction","target":["https:\/\/www.luciayoga.com\/es\/terminos-y-condiciones-y-politica-de-privacidad-proteccion-de-datos-personales\/"]}]},{"@type":"ImageObject","inLanguage":"es","@id":"https:\/\/www.luciayoga.com\/es\/terminos-y-condiciones-y-politica-de-privacidad-proteccion-de-datos-personales\/#primaryimage","url":"https:\/\/www.luciayoga.com\/wp-content\/uploads\/2020\/10\/DSC05017.jpg","contentUrl":"https:\/\/www.luciayoga.com\/wp-content\/uploads\/2020\/10\/DSC05017.jpg","width":1470,"height":900},{"@type":"BreadcrumbList","@id":"https:\/\/www.luciayoga.com\/es\/terminos-y-condiciones-y-politica-de-privacidad-proteccion-de-datos-personales\/#breadcrumb","itemListElement":[{"@type":"ListItem","position":1,"name":"Home","item":"https:\/\/www.luciayoga.com\/es\/"},{"@type":"ListItem","position":2,"name":"T\u00e9rminos y condiciones y pol\u00edtica de privacidad Protecci\u00f3n de datos personales"}]},{"@type":"WebSite","@id":"https:\/\/www.luciayoga.com\/es\/#website","url":"https:\/\/www.luciayoga.com\/es\/","name":"Lucia Yoga","description":"Yoga Retreats in Spain","publisher":{"@id":"https:\/\/www.luciayoga.com\/es\/#organization"},"potentialAction":[{"@type":"SearchAction","target":{"@type":"EntryPoint","urlTemplate":"https:\/\/www.luciayoga.com\/es\/?s={search_term_string}"},"query-input":{"@type":"PropertyValueSpecification","valueRequired":true,"valueName":"search_term_string"}}],"inLanguage":"es"},{"@type":"Organization","@id":"https:\/\/www.luciayoga.com\/es\/#organization","name":"Lucia Yoga","url":"https:\/\/www.luciayoga.com\/es\/","logo":{"@type":"ImageObject","inLanguage":"es","@id":"https:\/\/www.luciayoga.com\/es\/#\/schema\/logo\/image\/","url":"https:\/\/www.luciayoga.com\/wp-content\/uploads\/2020\/11\/LOGO_Mesa-de-trabajo-1-copia-2@3x.png","contentUrl":"https:\/\/www.luciayoga.com\/wp-content\/uploads\/2020\/11\/LOGO_Mesa-de-trabajo-1-copia-2@3x.png","width":636,"height":560,"caption":"Lucia Yoga"},"image":{"@id":"https:\/\/www.luciayoga.com\/es\/#\/schema\/logo\/image\/"},"sameAs":["https:\/\/www.facebook.com\/LuciaYogacom\/","https:\/\/instagram.com\/luciayogacom","https:\/\/www.youtube.com\/channel\/UCI1LJdr-9FblyTr-jf_KSNQ"]}]}},"_links":{"self":[{"href":"https:\/\/www.luciayoga.com\/es\/wp-json\/wp\/v2\/pages\/12848","targetHints":{"allow":["GET"]}}],"collection":[{"href":"https:\/\/www.luciayoga.com\/es\/wp-json\/wp\/v2\/pages"}],"about":[{"href":"https:\/\/www.luciayoga.com\/es\/wp-json\/wp\/v2\/types\/page"}],"author":[{"embeddable":true,"href":"https:\/\/www.luciayoga.com\/es\/wp-json\/wp\/v2\/users\/2"}],"replies":[{"embeddable":true,"href":"https:\/\/www.luciayoga.com\/es\/wp-json\/wp\/v2\/comments?post=12848"}],"version-history":[{"count":1,"href":"https:\/\/www.luciayoga.com\/es\/wp-json\/wp\/v2\/pages\/12848\/revisions"}],"predecessor-version":[{"id":12851,"href":"https:\/\/www.luciayoga.com\/es\/wp-json\/wp\/v2\/pages\/12848\/revisions\/12851"}],"wp:featuredmedia":[{"embeddable":true,"href":"https:\/\/www.luciayoga.com\/es\/wp-json\/wp\/v2\/media\/12849"}],"wp:attachment":[{"href":"https:\/\/www.luciayoga.com\/es\/wp-json\/wp\/v2\/media?parent=12848"}],"curies":[{"name":"wp","href":"https:\/\/api.w.org\/{rel}","templated":true}]}}